{"id":2695,"date":"2017-05-19T10:44:18","date_gmt":"2017-05-19T08:44:18","guid":{"rendered":"http:\/\/uniontradingmonaco-marine.com\/it\/?post_type=product&#038;p=2695"},"modified":"2017-07-20T23:45:55","modified_gmt":"2017-07-20T21:45:55","slug":"navycross-m","status":"publish","type":"product","link":"https:\/\/uniontradingmonaco-marine.com\/it\/negozio\/sistemi-tagliafuoco\/navycross-m\/","title":{"rendered":"Sistema d&#8217;incollaggio NAVYCROSS m"},"content":{"rendered":"<p><strong>Caratteristiche:<\/strong> NAVYCROSS m \u00e8 un mastice monocomponente, fibrorinforzato, a base di ossidi minerali e speciali additivi chimici dispersi in una soluzione acquosa di leganti inorganici.<\/p>\n<p><strong>Campo di impiego: <\/strong>NAVYCROSS m permette la<strong>\u00a0<\/strong>sigillatura tra elementi metallici.<\/p>\n<p>&nbsp;<\/p>\n<h5>\u00c8 un materiale <strong>incombustibile<\/strong>\u00a0che ha ottenuto certificazioni e omologazioni, RINA, LLOYD&#8217;S e BUREAU VERITAS.<\/h5>\n<p>&nbsp;<\/p>\n<p><strong>Dati tecnici:<\/strong><\/p>\n<p><strong>colore:<\/strong>\u00a0\u00a0\u00a0\u00a0\u00a0\u00a0\u00a0\u00a0\u00a0\u00a0\u00a0\u00a0\u00a0\u00a0\u00a0\u00a0\u00a0\u00a0\u00a0\u00a0\u00a0\u00a0\u00a0\u00a0\u00a0\u00a0\u00a0\u00a0\u00a0\u00a0\u00a0\u00a0\u00a0\u00a0\u00a0\u00a0\u00a0\u00a0\u00a0\u00a0\u00a0\u00a0\u00a0\u00a0\u00a0\u00a0 \u00a0\u00a0 \u00a0\u00a0\u00a0\u00a0\u00a0\u00a0\u00a0\u00a0\u00a0\u00a0\u00a0\u00a0\u00a0\u00a0\u00a0\u00a0\u00a0\u00a0\u00a0 bianco \/ giallo<\/p>\n<p><strong>peso specifico:<\/strong>\u00a0\u00a0\u00a0\u00a0\u00a0\u00a0\u00a0\u00a0\u00a0\u00a0\u00a0\u00a0\u00a0\u00a0\u00a0\u00a0\u00a0\u00a0\u00a0\u00a0\u00a0\u00a0\u00a0\u00a0\u00a0\u00a0\u00a0\u00a0\u00a0\u00a0\u00a0\u00a0 1300 g\/l<\/p>\n<p><strong>residuo secco in peso:<\/strong>\u00a0\u00a0\u00a0\u00a0\u00a0\u00a0\u00a0\u00a0\u00a0\u00a0\u00a0\u00a0\u00a0\u00a0\u00a0\u00a0\u00a0\u00a0\u00a0\u00a0 78%<\/p>\n<p><strong>viscosit\u00e0:<\/strong>\u00a0\u00a0\u00a0\u00a0\u00a0\u00a0\u00a0\u00a0\u00a0\u00a0\u00a0\u00a0\u00a0\u00a0\u00a0\u00a0\u00a0\u00a0\u00a0\u00a0\u00a0\u00a0\u00a0\u00a0\u00a0\u00a0\u00a0\u00a0\u00a0\u00a0\u00a0\u00a0\u00a0\u00a0\u00a0\u00a0\u00a0\u00a0\u00a0\u00a0\u00a0 liquido pastoso<\/p>\n<p><strong>odore: <\/strong>\u00a0\u00a0\u00a0\u00a0\u00a0\u00a0\u00a0\u00a0\u00a0\u00a0\u00a0\u00a0\u00a0\u00a0\u00a0\u00a0\u00a0\u00a0\u00a0\u00a0\u00a0\u00a0\u00a0\u00a0\u00a0\u00a0\u00a0\u00a0\u00a0\u00a0\u00a0\u00a0\u00a0\u00a0 \u00a0\u00a0\u00a0\u00a0\u00a0\u00a0\u00a0\u00a0\u00a0\u00a0 completamente inodore<\/p>\n<p><strong>essiccazione: <\/strong>\u00a0\u00a0\u00a0\u00a0\u00a0\u00a0\u00a0\u00a0\u00a0\u00a0\u00a0\u00a0\u00a0\u00a0\u00a0\u00a0\u00a0\u00a0\u00a0\u00a0\u00a0\u00a0 \u00a0\u00a0\u00a0\u00a0\u00a0\u00a0\u00a0\u00a0\u00a0\u00a0 in funzione della temperatura e dell\u2019umidit\u00e0 dell\u2019aria:<\/p>\n<p>a 25\u00b0C, 65% umidit\u00e0 relativa, con ventilazione naturale,<\/p>\n<p>nelle 24 ore successive all\u2019applicazione,viene raggiunta la propria consistenza strutturale, raggiungendo la completa essiccazione nell\u2019arco di 3\/5 giorni<\/p>\n<p><strong>forma di fornitura:<\/strong>\u00a0\u00a0\u00a0\u00a0\u00a0\u00a0\u00a0\u00a0\u00a0\u00a0\u00a0\u00a0\u00a0\u00a0\u00a0\u00a0\u00a0\u00a0\u00a0\u00a0\u00a0\u00a0\u00a0\u00a0\u00a0\u00a0\u00a0\u00a0\u00a0 confezioni da litri 20 o inferiori<\/p>\n<p><strong>magazzinaggio:<\/strong>\u00a0\u00a0\u00a0\u00a0\u00a0\u00a0\u00a0\u00a0\u00a0\u00a0\u00a0\u00a0\u00a0\u00a0\u00a0\u00a0\u00a0\u00a0\u00a0\u00a0\u00a0\u00a0\u00a0\u00a0\u00a0\u00a0\u00a0\u00a0\u00a0\u00a0\u00a0\u00a0\u00a0 conservare nelle confezioni originali, all\u2019interno, in luogo fresco ed asciutto, al riparo dal gelo<\/p>\n<p><strong>stoccaggio<\/strong>: \u00a0\u00a0\u00a0\u00a0\u00a0\u00a0\u00a0\u00a0\u00a0\u00a0\u00a0\u00a0\u00a0\u00a0\u00a0\u00a0\u00a0\u00a0\u00a0\u00a0\u00a0\u00a0\u00a0\u00a0\u00a0\u00a0\u00a0\u00a0\u00a0\u00a0\u00a0\u00a0\u00a0\u00a0\u00a0\u00a0\u00a0 \u00a0\u00a0\u00a0\u00a0\u00a012 mesi<\/p>\n<p><strong>\u00a0<\/strong><\/p>\n<h6>I dati contenuti in questa scheda sono resi noti da parte nostra con la migliore accuratezza possibile.\u00a0Tuttavia questa accuratezza non \u00e8 oggetto di garanzia e i dati comunicati in questa scheda non costituiscono n\u00e9 implicano alcuna garanzia da parte della nostra societ\u00e0.<\/h6>\n<!-- AddThis Advanced Settings generic via filter on the_content --><!-- AddThis Share Buttons generic via filter on the_content -->","protected":false},"excerpt":{"rendered":"<h2 style=\"text-align: left;\">Il Sistema NAVYCROSS m permette l&#8217;incollagio di mascherine navali e di porte antifuoco sostituendo le classiche saldature.<\/h2>\n<p style=\"text-align: left;\">il Sistema NAVYCROSS m permette la sostituzione della saldatura tradizionale, con un sistema d\u2019incollaggio sia delle mascherine (anche in lega leggera), nelle varie loro forme, come pure delle forature provvisorie, sia a paro che in sovrapposizione, sia nelle porte tagliafuoco.<\/p>\n<p><!-- AddThis Advanced Settings generic via filter on get_the_excerpt --><!-- AddThis Share Buttons generic via filter on get_the_excerpt --><\/p>\n","protected":false},"featured_media":2696,"template":"","meta":[],"product_brand":[],"product_cat":[44],"product_tag":[],"class_list":{"0":"post-2695","1":"product","2":"type-product","3":"status-publish","4":"has-post-thumbnail","6":"product_cat-sistemi-tagliafuoco","7":"has-thumb","9":"first","10":"instock","11":"shipping-taxable","12":"product-type-simple"},"yoast_head":"<!-- This site is optimized with the Yoast SEO plugin v27.3 - https:\/\/yoast.com\/product\/yoast-seo-wordpress\/ -->\n<title>Sistema d&#039;incollaggio NAVYCROSS m - Union Trading Monaco<\/title>\n<meta name=\"description\" content=\"Sistema NAVYCROSS m, soluzione certificata per l&#039;incoraggio di mascherine per sigillature forature e di porte antifuoco, in sostituzione a saldature\" \/>\n<meta name=\"robots\" content=\"index, follow, max-snippet:-1, max-image-preview:large, max-video-preview:-1\" \/>\n<link rel=\"canonical\" href=\"https:\/\/uniontradingmonaco-marine.com\/it\/negozio\/sistemi-tagliafuoco\/navycross-m\/\" \/>\n<meta property=\"og:locale\" content=\"it_IT\" \/>\n<meta property=\"og:type\" content=\"article\" \/>\n<meta property=\"og:title\" content=\"Sistema d&#039;incollaggio NAVYCROSS m - Union Trading Monaco\" \/>\n<meta property=\"og:description\" content=\"Sistema NAVYCROSS m, soluzione certificata per l&#039;incoraggio di mascherine per sigillature forature e di porte antifuoco, in sostituzione a saldature\" \/>\n<meta property=\"og:url\" content=\"https:\/\/uniontradingmonaco-marine.com\/it\/negozio\/sistemi-tagliafuoco\/navycross-m\/\" \/>\n<meta property=\"og:site_name\" content=\"Union Trading Monaco\" \/>\n<meta property=\"article:modified_time\" content=\"2017-07-20T21:45:55+00:00\" \/>\n<meta property=\"og:image\" content=\"https:\/\/uniontradingmonaco-marine.com\/it\/wp-content\/uploads\/sites\/3\/2017\/05\/NAVYCROSS-m-.jpg\" \/>\n\t<meta property=\"og:image:width\" content=\"600\" \/>\n\t<meta property=\"og:image:height\" content=\"350\" \/>\n\t<meta property=\"og:image:type\" content=\"image\/jpeg\" \/>\n<meta name=\"twitter:card\" content=\"summary_large_image\" \/>\n<meta name=\"twitter:label1\" content=\"Tempo di lettura stimato\" \/>\n\t<meta name=\"twitter:data1\" content=\"1 minuto\" \/>\n<!-- \/ Yoast SEO plugin. -->","yoast_head_json":{"title":"Sistema d'incollaggio NAVYCROSS m - Union Trading Monaco","description":"Sistema NAVYCROSS m, soluzione certificata per l'incoraggio di mascherine per sigillature forature e di porte antifuoco, in sostituzione a saldature","robots":{"index":"index","follow":"follow","max-snippet":"max-snippet:-1","max-image-preview":"max-image-preview:large","max-video-preview":"max-video-preview:-1"},"canonical":"https:\/\/uniontradingmonaco-marine.com\/it\/negozio\/sistemi-tagliafuoco\/navycross-m\/","og_locale":"it_IT","og_type":"article","og_title":"Sistema d'incollaggio NAVYCROSS m - Union Trading Monaco","og_description":"Sistema NAVYCROSS m, soluzione certificata per l'incoraggio di mascherine per sigillature forature e di porte antifuoco, in sostituzione a saldature","og_url":"https:\/\/uniontradingmonaco-marine.com\/it\/negozio\/sistemi-tagliafuoco\/navycross-m\/","og_site_name":"Union Trading Monaco","article_modified_time":"2017-07-20T21:45:55+00:00","og_image":[{"width":600,"height":350,"url":"https:\/\/uniontradingmonaco-marine.com\/it\/wp-content\/uploads\/sites\/3\/2017\/05\/NAVYCROSS-m-.jpg","type":"image\/jpeg"}],"twitter_card":"summary_large_image","twitter_misc":{"Tempo di lettura stimato":"1 minuto"},"schema":{"@context":"https:\/\/schema.org","@graph":[{"@type":"WebPage","@id":"https:\/\/uniontradingmonaco-marine.com\/it\/negozio\/sistemi-tagliafuoco\/navycross-m\/","url":"https:\/\/uniontradingmonaco-marine.com\/it\/negozio\/sistemi-tagliafuoco\/navycross-m\/","name":"Sistema d'incollaggio NAVYCROSS m - Union Trading Monaco","isPartOf":{"@id":"https:\/\/uniontradingmonaco-marine.com\/it\/#website"},"primaryImageOfPage":{"@id":"https:\/\/uniontradingmonaco-marine.com\/it\/negozio\/sistemi-tagliafuoco\/navycross-m\/#primaryimage"},"image":{"@id":"https:\/\/uniontradingmonaco-marine.com\/it\/negozio\/sistemi-tagliafuoco\/navycross-m\/#primaryimage"},"thumbnailUrl":"https:\/\/uniontradingmonaco-marine.com\/it\/wp-content\/uploads\/sites\/3\/2017\/05\/NAVYCROSS-m-.jpg","datePublished":"2017-05-19T08:44:18+00:00","dateModified":"2017-07-20T21:45:55+00:00","description":"Sistema NAVYCROSS m, soluzione certificata per l'incoraggio di mascherine per sigillature forature e di porte antifuoco, in sostituzione a saldature","breadcrumb":{"@id":"https:\/\/uniontradingmonaco-marine.com\/it\/negozio\/sistemi-tagliafuoco\/navycross-m\/#breadcrumb"},"inLanguage":"it-IT","potentialAction":[{"@type":"ReadAction","target":["https:\/\/uniontradingmonaco-marine.com\/it\/negozio\/sistemi-tagliafuoco\/navycross-m\/"]}]},{"@type":"ImageObject","inLanguage":"it-IT","@id":"https:\/\/uniontradingmonaco-marine.com\/it\/negozio\/sistemi-tagliafuoco\/navycross-m\/#primaryimage","url":"https:\/\/uniontradingmonaco-marine.com\/it\/wp-content\/uploads\/sites\/3\/2017\/05\/NAVYCROSS-m-.jpg","contentUrl":"https:\/\/uniontradingmonaco-marine.com\/it\/wp-content\/uploads\/sites\/3\/2017\/05\/NAVYCROSS-m-.jpg","width":600,"height":350,"caption":"Sistema d&#8217;incollaggio NAVYCROSS m"},{"@type":"BreadcrumbList","@id":"https:\/\/uniontradingmonaco-marine.com\/it\/negozio\/sistemi-tagliafuoco\/navycross-m\/#breadcrumb","itemListElement":[{"@type":"ListItem","position":1,"name":"Accueil","item":"https:\/\/uniontradingmonaco-marine.com\/it\/"},{"@type":"ListItem","position":2,"name":"Sistema d&#8217;incollaggio NAVYCROSS m"}]},{"@type":"WebSite","@id":"https:\/\/uniontradingmonaco-marine.com\/it\/#website","url":"https:\/\/uniontradingmonaco-marine.com\/it\/","name":"Union Trading Monaco","description":"Union Trading Monaco","potentialAction":[{"@type":"SearchAction","target":{"@type":"EntryPoint","urlTemplate":"https:\/\/uniontradingmonaco-marine.com\/it\/?s={search_term_string}"},"query-input":{"@type":"PropertyValueSpecification","valueRequired":true,"valueName":"search_term_string"}}],"inLanguage":"it-IT"}]}},"_links":{"self":[{"href":"https:\/\/uniontradingmonaco-marine.com\/it\/wp-json\/wp\/v2\/product\/2695","targetHints":{"allow":["GET"]}}],"collection":[{"href":"https:\/\/uniontradingmonaco-marine.com\/it\/wp-json\/wp\/v2\/product"}],"about":[{"href":"https:\/\/uniontradingmonaco-marine.com\/it\/wp-json\/wp\/v2\/types\/product"}],"wp:featuredmedia":[{"embeddable":true,"href":"https:\/\/uniontradingmonaco-marine.com\/it\/wp-json\/wp\/v2\/media\/2696"}],"wp:attachment":[{"href":"https:\/\/uniontradingmonaco-marine.com\/it\/wp-json\/wp\/v2\/media?parent=2695"}],"wp:term":[{"taxonomy":"product_brand","embeddable":true,"href":"https:\/\/uniontradingmonaco-marine.com\/it\/wp-json\/wp\/v2\/product_brand?post=2695"},{"taxonomy":"product_cat","embeddable":true,"href":"https:\/\/uniontradingmonaco-marine.com\/it\/wp-json\/wp\/v2\/product_cat?post=2695"},{"taxonomy":"product_tag","embeddable":true,"href":"https:\/\/uniontradingmonaco-marine.com\/it\/wp-json\/wp\/v2\/product_tag?post=2695"}],"curies":[{"name":"wp","href":"https:\/\/api.w.org\/{rel}","templated":true}]}}