{"id":30,"date":"2017-05-15T13:13:35","date_gmt":"2017-05-15T11:13:35","guid":{"rendered":"http:\/\/uniontradingmonaco-marine.com\/it\/?post_type=product&#038;p=30"},"modified":"2017-07-12T15:41:56","modified_gmt":"2017-07-12T13:41:56","slug":"telo-protettivo-maricover-deck","status":"publish","type":"product","link":"https:\/\/uniontradingmonaco-marine.com\/it\/negozio\/protezioni-temporanee\/telo-protettivo-maricover-deck\/","title":{"rendered":"Telo Protettivo MARICOVER DECK"},"content":{"rendered":"<h2>Telo Protettivo MARICOVER DECK, protezione orizzontale e verticale temporanea certificata<\/h2>\n<p>Il Telo Protettivo MARICOVER DECK\u00a0\u00e8 un telo da utilizzarsi quale protezione temporanea per ogni tipo di pavimentazione ed arredamenti in genere. \u00c8 disponibile anche nella versione \u201cMARICOVER DECK VERTICAL\u201d, per la protezione temporanea di pareti.<\/p>\n<p>Il Telo Protettivo MARICOVER DECK, come la sua declinazione MARICOVER DECK VERTICAL, \u00e9 un film<strong> certificato\u00a0\u00a0\u201cantifiamma\u201d coestruso, a base polietilenica. <\/strong><\/p>\n<h5>Questi materiali hanno ottenuto le certificazioni , RINA, MED DNV e LLOYD&#8217;S.<\/h5>\n<p>I due protettivi si distinguono nel colore e nello spessore e quindi, nel peso:<\/p>\n<p><strong>MARICOVER DECK: \u00a0 \u00a0 \u00a0 <\/strong><em>di colore<\/em><strong>\u00a0_\u00a0<\/strong>verde\u00a0<strong>\u00a0 \u00a0 \u00a0 \u00a0<\/strong><em>pesa<\/em><strong>\u00a0 _\u00a0<\/strong>102,3 g\/m<sup>2<\/sup><\/p>\n<p><strong>MARICOVER DECK VERTICAL:<\/strong>\u00a0 \u00a0 \u00a0 <em>di colore<\/em>\u00a0_ arancione \u00a0 \u00a0 \u00a0 \u00a0\u00a0<em>pesa<\/em><strong>\u00a0_ <\/strong>93 g\/m<sup>2<\/sup><\/p>\n<p>&nbsp;<\/p>\n<p><strong>Caratteristiche Tecniche:<\/strong><\/p>\n<table width=\"98%\">\n<tbody>\n<tr>\n<td width=\"57%\"><strong><u>TEST<\/u><\/strong><\/td>\n<td width=\"9%\"><strong><u>U.M<\/u><\/strong><strong>.<\/strong><\/td>\n<td width=\"17%\">\n<h4><strong><u>METODO<\/u><\/strong><\/h4>\n<\/td>\n<td width=\"14%\">\n<h5><u>VALORE<\/u><\/h5>\n<\/td>\n<\/tr>\n<tr>\n<td width=\"57%\">\n<h6>Spessore<\/h6>\n<\/td>\n<td width=\"9%\">micron<\/td>\n<td width=\"17%\">ISO 4593<\/td>\n<td width=\"14%\">100 (\u00b1 10%)<\/td>\n<\/tr>\n<tr>\n<td width=\"57%\"><strong>Larghezza del film<\/strong><\/td>\n<td width=\"9%\">mm.<\/td>\n<td width=\"17%\">Interno per confronto<\/td>\n<td width=\"14%\">nominale<\/p>\n<p>&#8211; 0 \u00f7 2%<\/td>\n<\/tr>\n<tr>\n<td width=\"57%\"><strong>Carico di rottura senso longitudinale (MD)<\/strong><\/td>\n<td width=\"9%\">N\/mm<sup>2<\/sup><\/td>\n<td width=\"17%\">ASTM D882<\/td>\n<td width=\"14%\">&gt; 20<\/td>\n<\/tr>\n<tr>\n<td width=\"57%\"><strong>Carico di rottura senso trasversale (TD)<\/strong><\/td>\n<td width=\"9%\">N\/mm<sup>2<\/sup><\/td>\n<td width=\"17%\">ASTM D882<\/td>\n<td width=\"14%\">&gt; 18<\/td>\n<\/tr>\n<tr>\n<td width=\"57%\"><strong>Allungamento alla rottura senso longitudinale (MD)<\/strong><\/td>\n<td width=\"9%\"><em>%<\/em><\/td>\n<td width=\"17%\">ASTM D882<\/td>\n<td width=\"14%\">&gt; 200<\/td>\n<\/tr>\n<tr>\n<td width=\"57%\"><strong>Allungamento alla rottura senso trasversale (TD)<\/strong><\/td>\n<td width=\"9%\">%<\/td>\n<td width=\"17%\">ASTM D882<\/td>\n<td width=\"14%\">&gt; 250<\/td>\n<\/tr>\n<tr>\n<td width=\"57%\"><strong>Densit\u00e0<\/strong><\/td>\n<td width=\"9%\">g.\/cm<sup>3<\/sup><\/td>\n<td width=\"17%\">ASTM D1505<\/td>\n<td width=\"14%\">0.91 \u00f7 0.93<\/td>\n<\/tr>\n<\/tbody>\n<\/table>\n<p>&nbsp;<\/p>\n<p><strong>Certificazioni:<\/strong><\/p>\n<ul>\n<li>Reazione al fuoco in accordo con EN 13501-1:2007+A1:2009:<\/li>\n<\/ul>\n<p>Bfl s1 &#8211; Rapporto di Classificazione RINA N\u00b0RF0030 del 12\/08\/2011 (MARICOVER DECK)<\/p>\n<p>B-s1 \/ d0 &#8211; Rapporto di Classificazione RINA N\u00b0RF0063 del 19\/05\/2014 (MARICOVER DECK VERTICAL)<\/p>\n<ul>\n<li>Certificato MED DNV n\u00b0 MED-B-4621 del 07\/08\/2008 (Maricover Deck)<\/li>\n<li>Certificato LLOYD\u2019S n\u00b0 SAS F170007 del 12\/01\/2017 (Maricover Deck)<\/li>\n<\/ul>\n<p>&nbsp;<\/p>\n<p><strong>Imballaggio: <\/strong><\/p>\n<p>Il prodotto, nelle due tipologie, \u00e8 fornito su pallet \u201ceuropeo\u201d non sovrapponibile, con le sottoindicate caratteristiche di imballaggio:<\/p>\n<table border=\"1\" cellspacing=\"0\" cellpadding=\"0\">\n<tbody>\n<tr>\n<td valign=\"top\" width=\"92\">\n<p align=\"center\">Tipologia<\/p>\n<\/td>\n<td valign=\"top\" width=\"71\">\n<p align=\"center\">Spessore micron<\/p>\n<\/td>\n<td valign=\"top\" width=\"50\">\n<p align=\"center\">Peso<\/p>\n<p align=\"center\">g.\/mq.<\/p>\n<\/td>\n<td valign=\"top\" width=\"71\">\n<p align=\"center\">Lunghezza rotolo m.<\/p>\n<\/td>\n<td valign=\"top\" width=\"64\">\n<p align=\"center\">Altezza rotolo m.<\/p>\n<\/td>\n<td valign=\"top\" width=\"71\">\n<p align=\"center\">Sviluppo rotolo mq.<\/p>\n<\/td>\n<td valign=\"top\" width=\"71\">\n<p align=\"center\">Peso netto rotolo Kg.<\/p>\n<\/td>\n<td valign=\"top\" width=\"50\">\n<p align=\"center\">Rotoli \/ Pallet n\u00b0<\/p>\n<\/td>\n<\/tr>\n<tr>\n<td valign=\"top\" width=\"92\">\n<p align=\"center\">Maricover Deck<\/p>\n<\/td>\n<td valign=\"top\" width=\"71\">\n<p align=\"center\">100 (\u00b1 10%)<\/p>\n<\/td>\n<td valign=\"top\" width=\"50\">\n<p align=\"center\">102,3<\/p>\n<\/td>\n<td valign=\"top\" width=\"71\">\n<p align=\"center\">100<\/p>\n<\/td>\n<td valign=\"top\" width=\"64\">\n<p align=\"center\">1<\/p>\n<\/td>\n<td valign=\"top\" width=\"71\">\n<p align=\"center\">100<\/p>\n<\/td>\n<td valign=\"top\" width=\"71\">\n<p align=\"center\">10,23<\/p>\n<\/td>\n<td valign=\"top\" width=\"50\">\n<p align=\"center\">20<\/p>\n<\/td>\n<\/tr>\n<tr>\n<td valign=\"top\" width=\"92\">\n<p align=\"center\">Maricover Deck Vertical<\/p>\n<\/td>\n<td valign=\"top\" width=\"71\">\n<p align=\"center\">100 (\u00b1 10%)<\/p>\n<\/td>\n<td valign=\"top\" width=\"50\">\n<p align=\"center\">93<\/p>\n<\/td>\n<td valign=\"top\" width=\"71\">\n<p align=\"center\">100<\/p>\n<\/td>\n<td valign=\"top\" width=\"64\">\n<p align=\"center\">1<\/p>\n<\/td>\n<td valign=\"top\" width=\"71\">\n<p align=\"center\">100<\/p>\n<\/td>\n<td valign=\"top\" width=\"71\">\n<p align=\"center\">9,3<\/p>\n<\/td>\n<td valign=\"top\" width=\"50\">\n<p align=\"center\">20<\/p>\n<\/td>\n<\/tr>\n<\/tbody>\n<\/table>\n<h6 style=\"text-align: left;\">I dati contenuti in questa scheda sono resi noti da parte nostra con la migliore accuratezza possibile.\u00a0Tuttavia questa accuratezza non \u00e8 oggetto di garanzia e i dati comunicati in questa scheda non costituiscono n\u00e9 implicano alcuna garanzia da parte della nostra societ\u00e0.<\/h6>\n<!-- AddThis Advanced Settings generic via filter on the_content --><!-- AddThis Share Buttons generic via filter on the_content -->","protected":false},"excerpt":{"rendered":"<h2><strong>Il Telo Protettivo MARICOVER DECK, protezione temporanea\u00a0orizzontale e verticale, certificata \u00a0\u201cantifiamma\u201d coestruso<\/strong><\/h2>\n<p>Il Telo protettivo MARICOVER DECK, e la sua declinazione MARICOVER DECK VERTICAL sono teli di protezione temporanea adatti per la\u00a0copertura di ogni tipo di pavimentazione ed arredamenti in genere.<\/p>\n<p>La versione MARICOVER DECK VERTICAL \u00e9 particolarmete adatta alla protezione temporanea di pareti.<!-- AddThis Advanced Settings generic via filter on get_the_excerpt --><!-- AddThis Share Buttons generic via filter on get_the_excerpt --><\/p>\n","protected":false},"featured_media":15,"template":"","meta":[],"product_brand":[],"product_cat":[15],"product_tag":[],"class_list":{"0":"post-30","1":"product","2":"type-product","3":"status-publish","4":"has-post-thumbnail","6":"product_cat-protezioni-temporanee","7":"has-thumb","9":"first","10":"instock","11":"shipping-taxable","12":"product-type-simple"},"yoast_head":"<!-- This site is optimized with the Yoast SEO plugin v27.2 - https:\/\/yoast.com\/product\/yoast-seo-wordpress\/ -->\n<title>Telo Protettivo MARICOVER DECK - Union Trading Monaco<\/title>\n<meta name=\"description\" content=\"Telo Protettivo MARICOVER DECK, telo di protezione temporanea per pavimenti, pareti ed arredamenti in genere, certificato &quot;antifiamma coestruso&quot;\" \/>\n<meta name=\"robots\" content=\"index, follow, max-snippet:-1, max-image-preview:large, max-video-preview:-1\" \/>\n<link rel=\"canonical\" href=\"https:\/\/uniontradingmonaco-marine.com\/it\/negozio\/protezioni-temporanee\/telo-protettivo-maricover-deck\/\" \/>\n<meta property=\"og:locale\" content=\"it_IT\" \/>\n<meta property=\"og:type\" content=\"article\" \/>\n<meta property=\"og:title\" content=\"Telo Protettivo MARICOVER DECK - Union Trading Monaco\" \/>\n<meta property=\"og:description\" content=\"Telo Protettivo MARICOVER DECK, telo di protezione temporanea per pavimenti, pareti ed arredamenti in genere, certificato &quot;antifiamma coestruso&quot;\" \/>\n<meta property=\"og:url\" content=\"https:\/\/uniontradingmonaco-marine.com\/it\/negozio\/protezioni-temporanee\/telo-protettivo-maricover-deck\/\" \/>\n<meta property=\"og:site_name\" content=\"Union Trading Monaco\" \/>\n<meta property=\"article:modified_time\" content=\"2017-07-12T13:41:56+00:00\" \/>\n<meta property=\"og:image\" content=\"https:\/\/uniontradingmonaco-marine.com\/it\/wp-content\/uploads\/sites\/3\/2017\/05\/MARICOVER-DECK.jpg\" \/>\n\t<meta property=\"og:image:width\" content=\"600\" \/>\n\t<meta property=\"og:image:height\" content=\"350\" \/>\n\t<meta property=\"og:image:type\" content=\"image\/jpeg\" \/>\n<meta name=\"twitter:card\" content=\"summary_large_image\" \/>\n<meta name=\"twitter:label1\" content=\"Tempo di lettura stimato\" \/>\n\t<meta name=\"twitter:data1\" content=\"2 minuti\" \/>\n<!-- \/ Yoast SEO plugin. -->","yoast_head_json":{"title":"Telo Protettivo MARICOVER DECK - Union Trading Monaco","description":"Telo Protettivo MARICOVER DECK, telo di protezione temporanea per pavimenti, pareti ed arredamenti in genere, certificato \"antifiamma coestruso\"","robots":{"index":"index","follow":"follow","max-snippet":"max-snippet:-1","max-image-preview":"max-image-preview:large","max-video-preview":"max-video-preview:-1"},"canonical":"https:\/\/uniontradingmonaco-marine.com\/it\/negozio\/protezioni-temporanee\/telo-protettivo-maricover-deck\/","og_locale":"it_IT","og_type":"article","og_title":"Telo Protettivo MARICOVER DECK - Union Trading Monaco","og_description":"Telo Protettivo MARICOVER DECK, telo di protezione temporanea per pavimenti, pareti ed arredamenti in genere, certificato \"antifiamma coestruso\"","og_url":"https:\/\/uniontradingmonaco-marine.com\/it\/negozio\/protezioni-temporanee\/telo-protettivo-maricover-deck\/","og_site_name":"Union Trading Monaco","article_modified_time":"2017-07-12T13:41:56+00:00","og_image":[{"width":600,"height":350,"url":"https:\/\/uniontradingmonaco-marine.com\/it\/wp-content\/uploads\/sites\/3\/2017\/05\/MARICOVER-DECK.jpg","type":"image\/jpeg"}],"twitter_card":"summary_large_image","twitter_misc":{"Tempo di lettura stimato":"2 minuti"},"schema":{"@context":"https:\/\/schema.org","@graph":[{"@type":"WebPage","@id":"https:\/\/uniontradingmonaco-marine.com\/it\/negozio\/protezioni-temporanee\/telo-protettivo-maricover-deck\/","url":"https:\/\/uniontradingmonaco-marine.com\/it\/negozio\/protezioni-temporanee\/telo-protettivo-maricover-deck\/","name":"Telo Protettivo MARICOVER DECK - Union Trading Monaco","isPartOf":{"@id":"https:\/\/uniontradingmonaco-marine.com\/it\/#website"},"primaryImageOfPage":{"@id":"https:\/\/uniontradingmonaco-marine.com\/it\/negozio\/protezioni-temporanee\/telo-protettivo-maricover-deck\/#primaryimage"},"image":{"@id":"https:\/\/uniontradingmonaco-marine.com\/it\/negozio\/protezioni-temporanee\/telo-protettivo-maricover-deck\/#primaryimage"},"thumbnailUrl":"https:\/\/uniontradingmonaco-marine.com\/it\/wp-content\/uploads\/sites\/3\/2017\/05\/MARICOVER-DECK.jpg","datePublished":"2017-05-15T11:13:35+00:00","dateModified":"2017-07-12T13:41:56+00:00","description":"Telo Protettivo MARICOVER DECK, telo di protezione temporanea per pavimenti, pareti ed arredamenti in genere, certificato \"antifiamma coestruso\"","breadcrumb":{"@id":"https:\/\/uniontradingmonaco-marine.com\/it\/negozio\/protezioni-temporanee\/telo-protettivo-maricover-deck\/#breadcrumb"},"inLanguage":"it-IT","potentialAction":[{"@type":"ReadAction","target":["https:\/\/uniontradingmonaco-marine.com\/it\/negozio\/protezioni-temporanee\/telo-protettivo-maricover-deck\/"]}]},{"@type":"ImageObject","inLanguage":"it-IT","@id":"https:\/\/uniontradingmonaco-marine.com\/it\/negozio\/protezioni-temporanee\/telo-protettivo-maricover-deck\/#primaryimage","url":"https:\/\/uniontradingmonaco-marine.com\/it\/wp-content\/uploads\/sites\/3\/2017\/05\/MARICOVER-DECK.jpg","contentUrl":"https:\/\/uniontradingmonaco-marine.com\/it\/wp-content\/uploads\/sites\/3\/2017\/05\/MARICOVER-DECK.jpg","width":600,"height":350,"caption":"Telo Protettivo MARICOVER DECK"},{"@type":"BreadcrumbList","@id":"https:\/\/uniontradingmonaco-marine.com\/it\/negozio\/protezioni-temporanee\/telo-protettivo-maricover-deck\/#breadcrumb","itemListElement":[{"@type":"ListItem","position":1,"name":"Accueil","item":"https:\/\/uniontradingmonaco-marine.com\/it\/"},{"@type":"ListItem","position":2,"name":"Telo Protettivo MARICOVER DECK"}]},{"@type":"WebSite","@id":"https:\/\/uniontradingmonaco-marine.com\/it\/#website","url":"https:\/\/uniontradingmonaco-marine.com\/it\/","name":"Union Trading Monaco","description":"Union Trading Monaco","potentialAction":[{"@type":"SearchAction","target":{"@type":"EntryPoint","urlTemplate":"https:\/\/uniontradingmonaco-marine.com\/it\/?s={search_term_string}"},"query-input":{"@type":"PropertyValueSpecification","valueRequired":true,"valueName":"search_term_string"}}],"inLanguage":"it-IT"}]}},"_links":{"self":[{"href":"https:\/\/uniontradingmonaco-marine.com\/it\/wp-json\/wp\/v2\/product\/30","targetHints":{"allow":["GET"]}}],"collection":[{"href":"https:\/\/uniontradingmonaco-marine.com\/it\/wp-json\/wp\/v2\/product"}],"about":[{"href":"https:\/\/uniontradingmonaco-marine.com\/it\/wp-json\/wp\/v2\/types\/product"}],"wp:featuredmedia":[{"embeddable":true,"href":"https:\/\/uniontradingmonaco-marine.com\/it\/wp-json\/wp\/v2\/media\/15"}],"wp:attachment":[{"href":"https:\/\/uniontradingmonaco-marine.com\/it\/wp-json\/wp\/v2\/media?parent=30"}],"wp:term":[{"taxonomy":"product_brand","embeddable":true,"href":"https:\/\/uniontradingmonaco-marine.com\/it\/wp-json\/wp\/v2\/product_brand?post=30"},{"taxonomy":"product_cat","embeddable":true,"href":"https:\/\/uniontradingmonaco-marine.com\/it\/wp-json\/wp\/v2\/product_cat?post=30"},{"taxonomy":"product_tag","embeddable":true,"href":"https:\/\/uniontradingmonaco-marine.com\/it\/wp-json\/wp\/v2\/product_tag?post=30"}],"curies":[{"name":"wp","href":"https:\/\/api.w.org\/{rel}","templated":true}]}}