{"id":3207,"date":"2017-07-04T17:35:39","date_gmt":"2017-07-04T15:35:39","guid":{"rendered":"http:\/\/uniontradingmonaco-marine.com\/it\/?post_type=product&#038;p=3207"},"modified":"2017-09-20T16:18:50","modified_gmt":"2017-09-20T14:18:50","slug":"proiettori-metal-halide-range","status":"publish","type":"product","link":"https:\/\/uniontradingmonaco-marine.com\/it\/negozio\/luminaria\/proiettori-metal-halide-range\/","title":{"rendered":"Proiettori METAL HALIDE RANGE"},"content":{"rendered":"<h2>Nell&#8217;oscurit\u00e0, la vita dipende dall&#8217;affidabilit\u00e0 e dalla prontezza dei corpi illuminanti<\/h2>\n<p>Negli ultimi tempi i proiettori stanno rapidamente diventando l&#8217;arma dissuasiva non letale pi\u00f9 scelta in situazioni e ambienti pericolosi. Con i Proiettori METAL HALIDE RANGE, Francis Searchlights propone il pi\u00f9 vasto assortimento di luminarie a controllo manuale e\/o remoto. La sua ampia gamma di sorgenti luminose, permettono di illuminare completamente il mezzo sospetto, di identificarlo in modo rapido e preciso e quindi di prevenire rapidamente eventuali azioni offensive. Il potere del fascio luminoso acceca momentaneamente l&#8217;intruso rendendolo inoffensivo.<\/p>\n<h5>I Proiettori METAL HALIDE RANGE sono ad alta potenza, usano gli ioduri metallici. Sono realizzati in ottone. Offrono performance di illuminazione eccellenti ad un costo contenuto rispetto alla gamma Xenon. La loro potenza \u00e9 di circa 15 volte superiore alle lampade Alogene tradizionali e di circa la met\u00e0 rispetto a quelle allo Xenon. Questo prodotto \u00e9 un mix perfetto di performance e rendimento.<\/h5>\n<p>I Proiettori METAL HOLIDE RANGE sono disponibili in un assortimento di <strong>diametri<\/strong> che vanno da <strong>230mm a 560mm<\/strong>. Le lampade che montano vanno da <strong>70W a 2500W di potenza<\/strong>.\u00a0\u00c8 possibile scegliere tra modalit\u00e0 di <strong>controllo a distanza o di controllo in cabina<\/strong>. Inoltre, in opzione ma incluse nel prezzo, sono disponibili le <strong>staffe di fissaggio al ponte<\/strong>.<\/p>\n<p>Le diverse esigenze devono essere precisate e richieste al momento dell&#8217;ordine.<\/p>\n<!-- AddThis Advanced Settings generic via filter on the_content --><!-- AddThis Share Buttons generic via filter on the_content -->","protected":false},"excerpt":{"rendered":"<h2>Proiettori METAL HALIDE RANGE sono ad alta potenza, usano gli ioduri metallici. Mix perfetto di performance et rendimento<\/h2>\n<p>I Proiettori METAL HALIDE RANGE sono realizzati in ottone. Offrono performance di illuminazione eccellenti ad un costo contenuto rispetto alla gamma Xenon. La loro potenza \u00e9 di circa 15 volte superiore alle lampade Alogene tradizionali e di circa la met\u00e0 rispetto a quelle allo Xenon. Questo prodotto \u00e9 un mix perfetto di performance et rendimento. Sono disponibili in un vasto assortimento di diametri e di potenza di\u00a0lampade<!-- AddThis Advanced Settings generic via filter on get_the_excerpt --><!-- AddThis Share Buttons generic via filter on get_the_excerpt --><\/p>\n","protected":false},"featured_media":3215,"template":"","meta":[],"product_brand":[],"product_cat":[46],"product_tag":[],"class_list":{"0":"post-3207","1":"product","2":"type-product","3":"status-publish","4":"has-post-thumbnail","6":"product_cat-luminaria","7":"has-thumb","9":"first","10":"instock","11":"shipping-taxable","12":"product-type-simple"},"yoast_head":"<!-- This site is optimized with the Yoast SEO plugin v27.3 - https:\/\/yoast.com\/product\/yoast-seo-wordpress\/ -->\n<title>Proiettori METAL HALIDE RANGE - Union Trading Monaco<\/title>\n<meta name=\"description\" content=\"Proiettori METAL HALIDE RANGE, alta potenza, con ioduri metallici, in ottone... resa eccellente a basso costo rispetto allo Xenon, mix di resa e risparmio.\" \/>\n<meta name=\"robots\" content=\"index, follow, max-snippet:-1, max-image-preview:large, max-video-preview:-1\" \/>\n<link rel=\"canonical\" href=\"https:\/\/uniontradingmonaco-marine.com\/it\/negozio\/luminaria\/proiettori-metal-halide-range\/\" \/>\n<meta property=\"og:locale\" content=\"it_IT\" \/>\n<meta property=\"og:type\" content=\"article\" \/>\n<meta property=\"og:title\" content=\"Proiettori METAL HALIDE RANGE - Union Trading Monaco\" \/>\n<meta property=\"og:description\" content=\"Proiettori METAL HALIDE RANGE, alta potenza, con ioduri metallici, in ottone... resa eccellente a basso costo rispetto allo Xenon, mix di resa e risparmio.\" \/>\n<meta property=\"og:url\" content=\"https:\/\/uniontradingmonaco-marine.com\/it\/negozio\/luminaria\/proiettori-metal-halide-range\/\" \/>\n<meta property=\"og:site_name\" content=\"Union Trading Monaco\" \/>\n<meta property=\"article:modified_time\" content=\"2017-09-20T14:18:50+00:00\" \/>\n<meta property=\"og:image\" content=\"https:\/\/uniontradingmonaco-marine.com\/it\/wp-content\/uploads\/sites\/3\/2017\/07\/metalhalide-range.jpg\" \/>\n\t<meta property=\"og:image:width\" content=\"200\" \/>\n\t<meta property=\"og:image:height\" content=\"296\" \/>\n\t<meta property=\"og:image:type\" content=\"image\/jpeg\" \/>\n<meta name=\"twitter:card\" content=\"summary_large_image\" \/>\n<meta name=\"twitter:label1\" content=\"Tempo di lettura stimato\" \/>\n\t<meta name=\"twitter:data1\" content=\"1 minuto\" \/>\n<!-- \/ Yoast SEO plugin. -->","yoast_head_json":{"title":"Proiettori METAL HALIDE RANGE - Union Trading Monaco","description":"Proiettori METAL HALIDE RANGE, alta potenza, con ioduri metallici, in ottone... resa eccellente a basso costo rispetto allo Xenon, mix di resa e risparmio.","robots":{"index":"index","follow":"follow","max-snippet":"max-snippet:-1","max-image-preview":"max-image-preview:large","max-video-preview":"max-video-preview:-1"},"canonical":"https:\/\/uniontradingmonaco-marine.com\/it\/negozio\/luminaria\/proiettori-metal-halide-range\/","og_locale":"it_IT","og_type":"article","og_title":"Proiettori METAL HALIDE RANGE - Union Trading Monaco","og_description":"Proiettori METAL HALIDE RANGE, alta potenza, con ioduri metallici, in ottone... resa eccellente a basso costo rispetto allo Xenon, mix di resa e risparmio.","og_url":"https:\/\/uniontradingmonaco-marine.com\/it\/negozio\/luminaria\/proiettori-metal-halide-range\/","og_site_name":"Union Trading Monaco","article_modified_time":"2017-09-20T14:18:50+00:00","og_image":[{"width":200,"height":296,"url":"https:\/\/uniontradingmonaco-marine.com\/it\/wp-content\/uploads\/sites\/3\/2017\/07\/metalhalide-range.jpg","type":"image\/jpeg"}],"twitter_card":"summary_large_image","twitter_misc":{"Tempo di lettura stimato":"1 minuto"},"schema":{"@context":"https:\/\/schema.org","@graph":[{"@type":"WebPage","@id":"https:\/\/uniontradingmonaco-marine.com\/it\/negozio\/luminaria\/proiettori-metal-halide-range\/","url":"https:\/\/uniontradingmonaco-marine.com\/it\/negozio\/luminaria\/proiettori-metal-halide-range\/","name":"Proiettori METAL HALIDE RANGE - Union Trading Monaco","isPartOf":{"@id":"https:\/\/uniontradingmonaco-marine.com\/it\/#website"},"primaryImageOfPage":{"@id":"https:\/\/uniontradingmonaco-marine.com\/it\/negozio\/luminaria\/proiettori-metal-halide-range\/#primaryimage"},"image":{"@id":"https:\/\/uniontradingmonaco-marine.com\/it\/negozio\/luminaria\/proiettori-metal-halide-range\/#primaryimage"},"thumbnailUrl":"https:\/\/uniontradingmonaco-marine.com\/it\/wp-content\/uploads\/sites\/3\/2017\/07\/metalhalide-range.jpg","datePublished":"2017-07-04T15:35:39+00:00","dateModified":"2017-09-20T14:18:50+00:00","description":"Proiettori METAL HALIDE RANGE, alta potenza, con ioduri metallici, in ottone... resa eccellente a basso costo rispetto allo Xenon, mix di resa e risparmio.","breadcrumb":{"@id":"https:\/\/uniontradingmonaco-marine.com\/it\/negozio\/luminaria\/proiettori-metal-halide-range\/#breadcrumb"},"inLanguage":"it-IT","potentialAction":[{"@type":"ReadAction","target":["https:\/\/uniontradingmonaco-marine.com\/it\/negozio\/luminaria\/proiettori-metal-halide-range\/"]}]},{"@type":"ImageObject","inLanguage":"it-IT","@id":"https:\/\/uniontradingmonaco-marine.com\/it\/negozio\/luminaria\/proiettori-metal-halide-range\/#primaryimage","url":"https:\/\/uniontradingmonaco-marine.com\/it\/wp-content\/uploads\/sites\/3\/2017\/07\/metalhalide-range.jpg","contentUrl":"https:\/\/uniontradingmonaco-marine.com\/it\/wp-content\/uploads\/sites\/3\/2017\/07\/metalhalide-range.jpg","width":200,"height":296,"caption":"Proiettori METAL HALIDE RANGE"},{"@type":"BreadcrumbList","@id":"https:\/\/uniontradingmonaco-marine.com\/it\/negozio\/luminaria\/proiettori-metal-halide-range\/#breadcrumb","itemListElement":[{"@type":"ListItem","position":1,"name":"Accueil","item":"https:\/\/uniontradingmonaco-marine.com\/it\/"},{"@type":"ListItem","position":2,"name":"Proiettori METAL HALIDE RANGE"}]},{"@type":"WebSite","@id":"https:\/\/uniontradingmonaco-marine.com\/it\/#website","url":"https:\/\/uniontradingmonaco-marine.com\/it\/","name":"Union Trading Monaco","description":"Union Trading Monaco","potentialAction":[{"@type":"SearchAction","target":{"@type":"EntryPoint","urlTemplate":"https:\/\/uniontradingmonaco-marine.com\/it\/?s={search_term_string}"},"query-input":{"@type":"PropertyValueSpecification","valueRequired":true,"valueName":"search_term_string"}}],"inLanguage":"it-IT"}]}},"_links":{"self":[{"href":"https:\/\/uniontradingmonaco-marine.com\/it\/wp-json\/wp\/v2\/product\/3207","targetHints":{"allow":["GET"]}}],"collection":[{"href":"https:\/\/uniontradingmonaco-marine.com\/it\/wp-json\/wp\/v2\/product"}],"about":[{"href":"https:\/\/uniontradingmonaco-marine.com\/it\/wp-json\/wp\/v2\/types\/product"}],"wp:featuredmedia":[{"embeddable":true,"href":"https:\/\/uniontradingmonaco-marine.com\/it\/wp-json\/wp\/v2\/media\/3215"}],"wp:attachment":[{"href":"https:\/\/uniontradingmonaco-marine.com\/it\/wp-json\/wp\/v2\/media?parent=3207"}],"wp:term":[{"taxonomy":"product_brand","embeddable":true,"href":"https:\/\/uniontradingmonaco-marine.com\/it\/wp-json\/wp\/v2\/product_brand?post=3207"},{"taxonomy":"product_cat","embeddable":true,"href":"https:\/\/uniontradingmonaco-marine.com\/it\/wp-json\/wp\/v2\/product_cat?post=3207"},{"taxonomy":"product_tag","embeddable":true,"href":"https:\/\/uniontradingmonaco-marine.com\/it\/wp-json\/wp\/v2\/product_tag?post=3207"}],"curies":[{"name":"wp","href":"https:\/\/api.w.org\/{rel}","templated":true}]}}