{"id":6,"date":"2017-05-10T19:34:47","date_gmt":"2017-05-10T17:34:47","guid":{"rendered":"http:\/\/uniontradingmonaco-marine.com\/it\/?post_type=product&#038;p=6"},"modified":"2017-07-17T16:27:44","modified_gmt":"2017-07-17T14:27:44","slug":"telo-protettivo-maricover","status":"publish","type":"product","link":"https:\/\/uniontradingmonaco-marine.com\/it\/negozio\/protezioni-temporanee\/telo-protettivo-maricover\/","title":{"rendered":"Telo Protettivo MARICOVER"},"content":{"rendered":"<h2>Il Telo Protettivo MARICOVER, protezione orizzontale temporanea certificata<\/h2>\n<p>Il Telo Protettivo MARICOVER \u00e9 un telo di protezione temporanea per pavimenti esterni, finiture in resina, marmo, legno e pavimenti in genere, macchinari e console. Questo materiale plastico viene prodotto in diversi spessori.<\/p>\n<p><strong>Gamma di spessori disponibili:<\/strong> 0,5 mm \u00a0; \u00a01 mm \u00a0; \u00a02 \u00a0mm<\/p>\n<p><strong>Peso:<\/strong>\u00a00,70 kg\/m<sup>2 <\/sup>(spessore 0,5 mm);\u00a01,26 kg\/m<sup>2 <\/sup>(spessore 1mm);\u00a02,80 kg\/m<sup>2 <\/sup>(spessore 2 \u00a0mm)<\/p>\n<h5>\u00c8 un materiale ignifugo certificato, RINA, MED RINA e LLOYD&#8217;S.<\/h5>\n<p>\u00c8 stato concepito per proteggere i pavimenti da urti di medio\/alta intensit\u00e0. Permette di coprire in modo rapido e veloce qualsiasi tipo di superficie orizzontale.<\/p>\n<p>&nbsp;<\/p>\n<p><strong>Caratteristiche tecniche:<\/strong><\/p>\n<table width=\"73%\">\n<tbody>\n<tr>\n<td width=\"68%\">\n<h3><u>TEST<\/u><\/h3>\n<\/td>\n<td width=\"10%\"><strong><u>U.M<\/u><\/strong><strong>.<\/strong><\/td>\n<td width=\"20%\">\n<h5><u>VALORE<\/u><\/h5>\n<\/td>\n<\/tr>\n<tr>\n<td width=\"68%\">\n<h6>Gamma di Spessori disponibili<\/h6>\n<\/td>\n<td width=\"10%\">mm.<\/p>\n<p>mm.<\/p>\n<p>mm.<\/td>\n<td width=\"20%\">0.5 ( \u00b110%)<\/p>\n<p>1\u00a0\u00a0 ( \u00b110%)<\/p>\n<p>2\u00a0\u00a0 ( \u00b110%)<\/td>\n<\/tr>\n<tr>\n<td width=\"68%\">\n<h6>Durezza SHORE A<\/h6>\n<\/td>\n<td width=\"10%\">&#8211;<\/td>\n<td width=\"20%\">77<\/td>\n<\/tr>\n<tr>\n<td width=\"68%\"><strong>Resistenza a trazione longitudinale<\/strong><\/td>\n<td width=\"10%\">N\/mm<sup>2<\/sup><\/td>\n<td width=\"20%\">7,0<\/td>\n<\/tr>\n<tr>\n<td width=\"68%\">\n<h6>Resistenza a trazione trasversale<\/h6>\n<\/td>\n<td width=\"10%\">N\/mm<sup>2<\/sup><\/td>\n<td width=\"20%\">5,0<\/td>\n<\/tr>\n<tr>\n<td width=\"68%\"><strong>Resistenza alla lacerazione longitudinale<\/strong><\/td>\n<td width=\"10%\">N\/mm<\/td>\n<td width=\"20%\">51<\/td>\n<\/tr>\n<tr>\n<td width=\"68%\"><strong>Resistenza alla lacerazione trasversale<\/strong><\/td>\n<td width=\"10%\">N\/mm<\/td>\n<td width=\"20%\">50<\/td>\n<\/tr>\n<tr>\n<td width=\"68%\"><strong>Densit\u00e0<\/strong><\/td>\n<td width=\"10%\">g.\/cm<sup>3<\/sup><\/td>\n<td width=\"20%\">1.5 (\u00b1 10%)<\/td>\n<\/tr>\n<\/tbody>\n<\/table>\n<p><strong>\u00a0<\/strong><\/p>\n<p><strong>Certificazioni: <\/strong><\/p>\n<ul>\n<li>Reazione al fuoco in accordo con EN 13501-1:2007+A1:2009: Bfl s1 &#8211; Rapporto di Classificazione RINA N\u00b0 RF0043 del 17\/04\/2012, N\u00b0 RF0048 del 14\/08\/2012 e N\u00b0 RF0066 del 19\/05\/2014<\/li>\n<li>Certificato MED RINA n\u00b0 MED035415CS\/006 del 26\/06\/15 &#8211; Materiale di superficie e di copertura di pavimenti con caratteristiche di limitata attitudine a propagare la fiamma<\/li>\n<li>Certificato LLOYD\u2019S n\u00b0 SAS F100441 del 12\/08\/2010<\/li>\n<\/ul>\n<p><strong>\u00a0<\/strong><\/p>\n<p><strong>Imballaggio:<\/strong><\/p>\n<p>Il Telo Protettivo MARICOVER viene condizionato in rotoli, e\u00a0fornito su pallet \u201ceuropeo\u201d non sovrapponibili, nelle seguenti caratteristiche di imballaggio:<\/p>\n<table border=\"1\" cellspacing=\"0\" cellpadding=\"0\">\n<tbody>\n<tr>\n<td valign=\"top\" width=\"88\">\n<p align=\"center\">Spessore<\/p>\n<p align=\"center\">mm.<\/p>\n<\/td>\n<td valign=\"top\" width=\"74\">\n<p align=\"center\">Peso<\/p>\n<p align=\"center\">Kg. \/mq.<\/p>\n<\/td>\n<td valign=\"top\" width=\"74\">\n<p align=\"center\">Lunghezza rotolo m.<\/p>\n<\/td>\n<td valign=\"top\" width=\"74\">\n<p align=\"center\">Altezza rotolo m.<\/p>\n<\/td>\n<td valign=\"top\" width=\"74\">\n<p align=\"center\">Sviluppo rotolo mq.<\/p>\n<\/td>\n<td valign=\"top\" width=\"74\">\n<p align=\"center\">Pesonetto rotolo Kg.<\/p>\n<\/td>\n<td valign=\"top\" width=\"74\">\n<p align=\"center\">Rotoli \/ Pallet n\u00b0<\/p>\n<\/td>\n<\/tr>\n<tr>\n<td valign=\"top\" width=\"88\">\n<p align=\"center\">0,5<\/p>\n<\/td>\n<td valign=\"top\" width=\"74\">\n<p align=\"center\">0,70<\/p>\n<\/td>\n<td valign=\"top\" width=\"74\">\n<p align=\"center\">70<\/p>\n<\/td>\n<td valign=\"top\" width=\"74\">\n<p align=\"center\">1,40<\/p>\n<\/td>\n<td valign=\"top\" width=\"74\">\n<p align=\"center\">98<\/p>\n<\/td>\n<td valign=\"top\" width=\"74\">\n<p align=\"center\">68,60<\/p>\n<\/td>\n<td valign=\"top\" width=\"74\">\n<p align=\"center\">14<\/p>\n<\/td>\n<\/tr>\n<tr>\n<td valign=\"top\" width=\"88\">\n<p align=\"center\">1<\/p>\n<\/td>\n<td valign=\"top\" width=\"74\">\n<p align=\"center\">1,26<\/p>\n<\/td>\n<td valign=\"top\" width=\"74\">\n<p align=\"center\">40<\/p>\n<\/td>\n<td valign=\"top\" width=\"74\">\n<p align=\"center\">1,40<\/p>\n<\/td>\n<td valign=\"top\" width=\"74\">\n<p align=\"center\">\u00a056<\/p>\n<\/td>\n<td valign=\"top\" width=\"74\">\n<p align=\"center\">70,55<\/p>\n<\/td>\n<td valign=\"top\" width=\"74\">\n<p align=\"center\">14<\/p>\n<\/td>\n<\/tr>\n<tr>\n<td valign=\"top\" width=\"88\">\n<p align=\"center\">2<\/p>\n<\/td>\n<td valign=\"top\" width=\"74\">\n<p align=\"center\">2,80<\/p>\n<\/td>\n<td valign=\"top\" width=\"74\">\n<p align=\"center\">20<\/p>\n<\/td>\n<td valign=\"top\" width=\"74\">\n<p align=\"center\">1.40<\/p>\n<\/td>\n<td valign=\"top\" width=\"74\">\n<p align=\"center\">28<\/p>\n<\/td>\n<td valign=\"top\" width=\"74\">\n<p align=\"center\">78,40<\/p>\n<\/td>\n<td valign=\"top\" width=\"74\">\n<p align=\"center\">14<\/p>\n<\/td>\n<\/tr>\n<\/tbody>\n<\/table>\n<p>Nella v<em>ersione da 1mm di spessore<\/em>\u00a0\u00e9 possibile averlo \u00a0condizionato in\u00a0<em>rotoli da 1 metro di altezza<\/em>, di una lunghezza di 20m, ideale per proteggere balcony e corridoi senza bisogno di tagli.<\/p>\n<p>&nbsp;<\/p>\n<p><span style=\"font-size: 10.720000267028809px; font-weight: bold;\">I dati contenuti in questa scheda sono resi noti da parte nostra con la migliore accuratezza possibile.\u00a0Tuttavia questa accuratezza non \u00e8 oggetto di garanzia e i dati comunicati in questa scheda non costituiscono n\u00e9 implicano alcuna garanzia da parte della nostra societ\u00e0.<\/span><strong>\u00a0<\/strong><\/p>\n<!-- AddThis Advanced Settings generic via filter on the_content --><!-- AddThis Share Buttons generic via filter on the_content -->","protected":false},"excerpt":{"rendered":"<h2><strong>Il Telo Protettivo MARICOVER, protezione temporanea orizzontale ignifuga<\/strong>\u00a0<strong>e antiurto<\/strong> per ponti esterni, corridoi e pavimenti pregiati<\/h2>\n<p>Il Telo Protettivo MARICOVER \u00e9 un telo di protezione per pavimenti esterni, finiture in resina, marmo, legno e pavimenti in genere, macchinari e console. Condizionato in rotoli. Prodotto in diversi spessori. Concepito per proteggere i pavimenti da urti di medio\/alta intensit\u00e0. Permette di coprire in modo rapido e veloce qualsiasi tipo di superficie orizzontale.<!-- AddThis Advanced Settings generic via filter on get_the_excerpt --><!-- AddThis Share Buttons generic via filter on get_the_excerpt --><\/p>\n","protected":false},"featured_media":11,"template":"","meta":[],"product_brand":[],"product_cat":[15],"product_tag":[],"class_list":{"0":"post-6","1":"product","2":"type-product","3":"status-publish","4":"has-post-thumbnail","6":"product_cat-protezioni-temporanee","7":"has-thumb","9":"first","10":"instock","11":"shipping-taxable","12":"product-type-simple"},"yoast_head":"<!-- This site is optimized with the Yoast SEO plugin v27.2 - https:\/\/yoast.com\/product\/yoast-seo-wordpress\/ -->\n<title>Telo Protettivo MARICOVER - Union Trading Monaco<\/title>\n<meta name=\"description\" content=\"Telo Protettivo MARICOVER, protezione temporanea orizzontale ignifuga per ponti esterni, corridoi, pavimenti pregiati, propriet\u00e0 antiurto\" \/>\n<meta name=\"robots\" content=\"index, follow, max-snippet:-1, max-image-preview:large, max-video-preview:-1\" \/>\n<link rel=\"canonical\" href=\"https:\/\/uniontradingmonaco-marine.com\/it\/negozio\/protezioni-temporanee\/telo-protettivo-maricover\/\" \/>\n<meta property=\"og:locale\" content=\"it_IT\" \/>\n<meta property=\"og:type\" content=\"article\" \/>\n<meta property=\"og:title\" content=\"Telo Protettivo MARICOVER - Union Trading Monaco\" \/>\n<meta property=\"og:description\" content=\"Telo Protettivo MARICOVER, protezione temporanea orizzontale ignifuga per ponti esterni, corridoi, pavimenti pregiati, propriet\u00e0 antiurto\" \/>\n<meta property=\"og:url\" content=\"https:\/\/uniontradingmonaco-marine.com\/it\/negozio\/protezioni-temporanee\/telo-protettivo-maricover\/\" \/>\n<meta property=\"og:site_name\" content=\"Union Trading Monaco\" \/>\n<meta property=\"article:modified_time\" content=\"2017-07-17T14:27:44+00:00\" \/>\n<meta property=\"og:image\" content=\"https:\/\/uniontradingmonaco-marine.com\/it\/wp-content\/uploads\/sites\/3\/2017\/05\/maricover-03.jpg\" \/>\n\t<meta property=\"og:image:width\" content=\"600\" \/>\n\t<meta property=\"og:image:height\" content=\"350\" \/>\n\t<meta property=\"og:image:type\" content=\"image\/jpeg\" \/>\n<meta name=\"twitter:card\" content=\"summary_large_image\" \/>\n<meta name=\"twitter:label1\" content=\"Tempo di lettura stimato\" \/>\n\t<meta name=\"twitter:data1\" content=\"2 minuti\" \/>\n<!-- \/ Yoast SEO plugin. -->","yoast_head_json":{"title":"Telo Protettivo MARICOVER - Union Trading Monaco","description":"Telo Protettivo MARICOVER, protezione temporanea orizzontale ignifuga per ponti esterni, corridoi, pavimenti pregiati, propriet\u00e0 antiurto","robots":{"index":"index","follow":"follow","max-snippet":"max-snippet:-1","max-image-preview":"max-image-preview:large","max-video-preview":"max-video-preview:-1"},"canonical":"https:\/\/uniontradingmonaco-marine.com\/it\/negozio\/protezioni-temporanee\/telo-protettivo-maricover\/","og_locale":"it_IT","og_type":"article","og_title":"Telo Protettivo MARICOVER - Union Trading Monaco","og_description":"Telo Protettivo MARICOVER, protezione temporanea orizzontale ignifuga per ponti esterni, corridoi, pavimenti pregiati, propriet\u00e0 antiurto","og_url":"https:\/\/uniontradingmonaco-marine.com\/it\/negozio\/protezioni-temporanee\/telo-protettivo-maricover\/","og_site_name":"Union Trading Monaco","article_modified_time":"2017-07-17T14:27:44+00:00","og_image":[{"width":600,"height":350,"url":"https:\/\/uniontradingmonaco-marine.com\/it\/wp-content\/uploads\/sites\/3\/2017\/05\/maricover-03.jpg","type":"image\/jpeg"}],"twitter_card":"summary_large_image","twitter_misc":{"Tempo di lettura stimato":"2 minuti"},"schema":{"@context":"https:\/\/schema.org","@graph":[{"@type":"WebPage","@id":"https:\/\/uniontradingmonaco-marine.com\/it\/negozio\/protezioni-temporanee\/telo-protettivo-maricover\/","url":"https:\/\/uniontradingmonaco-marine.com\/it\/negozio\/protezioni-temporanee\/telo-protettivo-maricover\/","name":"Telo Protettivo MARICOVER - Union Trading Monaco","isPartOf":{"@id":"https:\/\/uniontradingmonaco-marine.com\/it\/#website"},"primaryImageOfPage":{"@id":"https:\/\/uniontradingmonaco-marine.com\/it\/negozio\/protezioni-temporanee\/telo-protettivo-maricover\/#primaryimage"},"image":{"@id":"https:\/\/uniontradingmonaco-marine.com\/it\/negozio\/protezioni-temporanee\/telo-protettivo-maricover\/#primaryimage"},"thumbnailUrl":"https:\/\/uniontradingmonaco-marine.com\/it\/wp-content\/uploads\/sites\/3\/2017\/05\/maricover-03.jpg","datePublished":"2017-05-10T17:34:47+00:00","dateModified":"2017-07-17T14:27:44+00:00","description":"Telo Protettivo MARICOVER, protezione temporanea orizzontale ignifuga per ponti esterni, corridoi, pavimenti pregiati, propriet\u00e0 antiurto","breadcrumb":{"@id":"https:\/\/uniontradingmonaco-marine.com\/it\/negozio\/protezioni-temporanee\/telo-protettivo-maricover\/#breadcrumb"},"inLanguage":"it-IT","potentialAction":[{"@type":"ReadAction","target":["https:\/\/uniontradingmonaco-marine.com\/it\/negozio\/protezioni-temporanee\/telo-protettivo-maricover\/"]}]},{"@type":"ImageObject","inLanguage":"it-IT","@id":"https:\/\/uniontradingmonaco-marine.com\/it\/negozio\/protezioni-temporanee\/telo-protettivo-maricover\/#primaryimage","url":"https:\/\/uniontradingmonaco-marine.com\/it\/wp-content\/uploads\/sites\/3\/2017\/05\/maricover-03.jpg","contentUrl":"https:\/\/uniontradingmonaco-marine.com\/it\/wp-content\/uploads\/sites\/3\/2017\/05\/maricover-03.jpg","width":600,"height":350,"caption":"Telo Protettivo MARICOVER"},{"@type":"BreadcrumbList","@id":"https:\/\/uniontradingmonaco-marine.com\/it\/negozio\/protezioni-temporanee\/telo-protettivo-maricover\/#breadcrumb","itemListElement":[{"@type":"ListItem","position":1,"name":"Accueil","item":"https:\/\/uniontradingmonaco-marine.com\/it\/"},{"@type":"ListItem","position":2,"name":"Telo Protettivo MARICOVER"}]},{"@type":"WebSite","@id":"https:\/\/uniontradingmonaco-marine.com\/it\/#website","url":"https:\/\/uniontradingmonaco-marine.com\/it\/","name":"Union Trading Monaco","description":"Union Trading Monaco","potentialAction":[{"@type":"SearchAction","target":{"@type":"EntryPoint","urlTemplate":"https:\/\/uniontradingmonaco-marine.com\/it\/?s={search_term_string}"},"query-input":{"@type":"PropertyValueSpecification","valueRequired":true,"valueName":"search_term_string"}}],"inLanguage":"it-IT"}]}},"_links":{"self":[{"href":"https:\/\/uniontradingmonaco-marine.com\/it\/wp-json\/wp\/v2\/product\/6","targetHints":{"allow":["GET"]}}],"collection":[{"href":"https:\/\/uniontradingmonaco-marine.com\/it\/wp-json\/wp\/v2\/product"}],"about":[{"href":"https:\/\/uniontradingmonaco-marine.com\/it\/wp-json\/wp\/v2\/types\/product"}],"wp:featuredmedia":[{"embeddable":true,"href":"https:\/\/uniontradingmonaco-marine.com\/it\/wp-json\/wp\/v2\/media\/11"}],"wp:attachment":[{"href":"https:\/\/uniontradingmonaco-marine.com\/it\/wp-json\/wp\/v2\/media?parent=6"}],"wp:term":[{"taxonomy":"product_brand","embeddable":true,"href":"https:\/\/uniontradingmonaco-marine.com\/it\/wp-json\/wp\/v2\/product_brand?post=6"},{"taxonomy":"product_cat","embeddable":true,"href":"https:\/\/uniontradingmonaco-marine.com\/it\/wp-json\/wp\/v2\/product_cat?post=6"},{"taxonomy":"product_tag","embeddable":true,"href":"https:\/\/uniontradingmonaco-marine.com\/it\/wp-json\/wp\/v2\/product_tag?post=6"}],"curies":[{"name":"wp","href":"https:\/\/api.w.org\/{rel}","templated":true}]}}