{"id":9,"date":"2017-05-15T12:42:22","date_gmt":"2017-05-15T10:42:22","guid":{"rendered":"http:\/\/uniontradingmonaco-marine.com\/it\/?post_type=product&#038;p=9"},"modified":"2017-07-11T18:15:50","modified_gmt":"2017-07-11T16:15:50","slug":"telo-protettivo-maricover-f20","status":"publish","type":"product","link":"https:\/\/uniontradingmonaco-marine.com\/it\/negozio\/protezioni-temporanee\/telo-protettivo-maricover-f20\/","title":{"rendered":"Telo Protettivo MARICOVER F20"},"content":{"rendered":"<h2>Telo Protettivo MARICOVER F20\u00a0protezione temporanea autoadesiva<\/h2>\n<p style=\"text-align: left;\">Il Telo Protettivo MARICOVER F20, fa parte della gamma\u00a0di <strong>teli autoadesivi<\/strong> per la protezione di pavimenti con finitura in moquettes ed arredamenti in genere. Questo prodotto \u00e9 un <strong>film \u201critardante di fiamma\u201d<\/strong> a base polietilenica adesivizzato con\u00a0\u00a0 resina acrilica.<\/p>\n<h5>\u00c8 un materiale <strong>ritardante di fiamma<\/strong> certificato, RINA, MED RINA e LLOYD&#8217;S.<\/h5>\n<p style=\"text-align: left;\">Il Telo Protettivo MARICOVER F20 \u00e9 <strong>trasparente, incolore.<\/strong> Esiste pero&#8217; una versione di colore trasparente tendente al verde, con le stesse identiche caratteristiche del trasparente, incolore.<\/p>\n<p><strong>\u00a0<\/strong><strong>Peso: 105\u00a0<\/strong><strong>g\/m<sup>2<\/sup><\/strong><\/p>\n<p>&nbsp;<\/p>\n<p><strong>Caratteristiche Tecniche:<\/strong><\/p>\n<table width=\"86%\">\n<tbody>\n<tr>\n<td width=\"50%\">\n<h3><u>TEST<\/u><\/h3>\n<p><em>\u00a0<\/em><\/td>\n<td width=\"11%\"><strong><u>U.M<\/u><\/strong><strong>.<\/strong><\/td>\n<td width=\"22%\">\n<h4><strong><u>METODO<\/u><\/strong><\/h4>\n<\/td>\n<td width=\"16%\">\n<h5><u>VALORE<\/u><\/h5>\n<\/td>\n<\/tr>\n<tr>\n<td width=\"50%\">\n<h6>Spessore medio<\/h6>\n<\/td>\n<td width=\"11%\">micron<\/td>\n<td width=\"22%\">*A.F.E.R.A. 4006<\/td>\n<td width=\"16%\">100 (\u00b110%)<\/td>\n<\/tr>\n<tr>\n<td width=\"50%\"><strong>Carico di rottura senso longitudinale<\/strong><\/td>\n<td width=\"11%\">daN\/cm<\/td>\n<td width=\"22%\">A.F.E.R.A. 4004<\/td>\n<td width=\"16%\">&gt; 1.9<\/td>\n<\/tr>\n<tr>\n<td width=\"50%\"><strong>Carico di rottura senso trasversale<\/strong><\/td>\n<td width=\"11%\">daN\/cm<\/td>\n<td width=\"22%\">A.F.E.R.A. 4004<\/td>\n<td width=\"16%\">&gt; 1.5<\/td>\n<\/tr>\n<tr>\n<td width=\"50%\"><strong>Allungamento massimo longitudinale<\/strong><\/td>\n<td width=\"11%\">%<\/td>\n<td width=\"22%\">A.F.E.R.A. 4005<\/td>\n<td width=\"16%\">&gt; 370<\/td>\n<\/tr>\n<tr>\n<td width=\"50%\"><strong>Allungamento massimo trasversale<\/strong><\/td>\n<td width=\"11%\">%<\/td>\n<td width=\"22%\">A.F.E.R.A. 4005<\/td>\n<td width=\"16%\">&gt; 550<\/td>\n<\/tr>\n<tr>\n<td width=\"50%\"><strong>Densit\u00e0<\/strong><\/td>\n<td width=\"11%\">g.\/cm<sup>3<\/sup><\/td>\n<td width=\"22%\">ASTM D1505<\/td>\n<td width=\"16%\">0.96 (\u00b1 10%)<\/td>\n<\/tr>\n<\/tbody>\n<\/table>\n<p>*A.F.E.R.A.\u00a0: Association des Fabricants Europ\u00e9ens de Rubans Auto-adh\u00e9sifs<\/p>\n<p><strong>\u00a0<\/strong><\/p>\n<p><strong>Certificazioni<\/strong>:<\/p>\n<ul>\n<li>Reazione al fuoco in accordo con EN 13501-1:2007+A1:2009: Bfl s1 &#8211; Rapporto di Classificazione RINA N\u00b0 RF0039 del 29\/12\/2011 B s1 \/ d0 &#8211; Rapporto di Classificazione RINA N\u00b0 RF0058 del 19\/05\/2014<\/li>\n<li>RINA: Certificato n\u00b0 MED047717CS\/001 rilasciato a Genova il 17\/03\/2017<\/li>\n<li>Certificato LLOYD\u2019S n\u00b0 SAS F150168 del 25\/06\/2015<\/li>\n<\/ul>\n<p><strong>Imballaggio: <\/strong><strong>\u00a0<\/strong><\/p>\n<p>Il prodotto, nelle due tipologie, \u00e8 fornito su pallet \u201ceuropeo\u201d non sovrapponibile, con le sottoindicate caratteristiche di imballaggio<\/p>\n<table border=\"1\" cellspacing=\"0\" cellpadding=\"0\">\n<tbody>\n<tr>\n<td valign=\"top\" width=\"106\">\n<p align=\"center\">Tipologia<\/p>\n<\/td>\n<td valign=\"top\" width=\"71\">\n<p align=\"center\">Spessore<\/p>\n<p align=\"center\">Micron<\/p>\n<\/td>\n<td valign=\"top\" width=\"43\">\n<p align=\"center\">Peso<\/p>\n<p align=\"center\">g.\/mq.<\/p>\n<\/td>\n<td valign=\"top\" width=\"70\">\n<p align=\"center\">Lunghezza rotolo m.<\/p>\n<\/td>\n<td valign=\"top\" width=\"64\">\n<p align=\"center\">Altezza rotolo m.<\/p>\n<\/td>\n<td valign=\"top\" width=\"64\">\n<p align=\"center\">Sviluppo rotolo mq.<\/p>\n<\/td>\n<td valign=\"top\" width=\"64\">\n<p align=\"center\">Pesonetto rotolo Kg.<\/p>\n<\/td>\n<td valign=\"top\" width=\"50\">\n<p align=\"center\">Rotoli \/ Pallet n\u00b0<\/p>\n<\/td>\n<\/tr>\n<tr>\n<td valign=\"top\" width=\"106\">\n<p align=\"center\">MARICOVER F20<\/p>\n<\/td>\n<td valign=\"top\" width=\"71\">\n<p align=\"center\">100 (\u00b110%)<\/p>\n<\/td>\n<td valign=\"top\" width=\"43\">\n<p align=\"center\">105<\/p>\n<\/td>\n<td valign=\"top\" width=\"70\">\n<p align=\"center\">200<\/p>\n<\/td>\n<td valign=\"top\" width=\"64\">\n<p align=\"center\">1,25<\/p>\n<\/td>\n<td valign=\"top\" width=\"64\">\n<p align=\"center\">250<\/p>\n<\/td>\n<td valign=\"top\" width=\"64\">\n<p align=\"center\">26,25<\/p>\n<\/td>\n<td valign=\"top\" width=\"50\">\n<p align=\"center\">20<\/p>\n<\/td>\n<\/tr>\n<tr>\n<td valign=\"top\" width=\"106\"><\/td>\n<td valign=\"top\" width=\"71\"><\/td>\n<td valign=\"top\" width=\"43\"><\/td>\n<td valign=\"top\" width=\"70\"><\/td>\n<td valign=\"top\" width=\"64\"><\/td>\n<td valign=\"top\" width=\"64\"><\/td>\n<td valign=\"top\" width=\"64\"><\/td>\n<td valign=\"top\" width=\"50\"><\/td>\n<\/tr>\n<\/tbody>\n<\/table>\n<h6>I dati contenuti in questa scheda sono resi noti da parte nostra con la migliore accuratezza possibile.\u00a0Tuttavia questa accuratezza non \u00e8 oggetto di garanzia e i dati comunicati in questa scheda non costituiscono n\u00e9 implicano alcuna garanzia da parte della nostra societ\u00e0.<\/h6>\n<!-- AddThis Advanced Settings generic via filter on the_content --><!-- AddThis Share Buttons generic via filter on the_content -->","protected":false},"excerpt":{"rendered":"<h2>Telo Protettivo MARICOVER F20, protezione temporanea capace di aderire su multi-superfici<\/h2>\n<p>Il Telo Protettivo MAFICOVER F20 appartiene ad una gamma di teli autoadesivi certificati ignifugi per la protezione temporanea di pavimenti con finitura in moquettes ed arredamenti in genere. La particolarit\u00e0 risiede\u00a0nel poter aderire allo stesso tempo perfettamente a superfici di diversa consistenza, moquette, marmo, resina o altro.<!-- AddThis Advanced Settings generic via filter on get_the_excerpt --><!-- AddThis Share Buttons generic via filter on get_the_excerpt --><\/p>\n","protected":false},"featured_media":10,"template":"","meta":[],"product_brand":[],"product_cat":[15],"product_tag":[],"class_list":{"0":"post-9","1":"product","2":"type-product","3":"status-publish","4":"has-post-thumbnail","6":"product_cat-protezioni-temporanee","7":"has-thumb","9":"first","10":"instock","11":"shipping-taxable","12":"product-type-simple"},"yoast_head":"<!-- This site is optimized with the Yoast SEO plugin v27.4 - https:\/\/yoast.com\/product\/yoast-seo-wordpress\/ -->\n<title>Telo Protettivo MARICOVER F20 - Union Trading Monaco<\/title>\n<meta name=\"description\" content=\"Telo Protettivo MARICOVER F20, protezione temporanea ignifuga, adesiva... aderisce perfettamente su diverse superfici ... anche sulla moquette\" \/>\n<meta name=\"robots\" content=\"index, follow, max-snippet:-1, max-image-preview:large, max-video-preview:-1\" \/>\n<link rel=\"canonical\" href=\"https:\/\/uniontradingmonaco-marine.com\/it\/negozio\/protezioni-temporanee\/telo-protettivo-maricover-f20\/\" \/>\n<meta property=\"og:locale\" content=\"it_IT\" \/>\n<meta property=\"og:type\" content=\"article\" \/>\n<meta property=\"og:title\" content=\"Telo Protettivo MARICOVER F20 - Union Trading Monaco\" \/>\n<meta property=\"og:description\" content=\"Telo Protettivo MARICOVER F20, protezione temporanea ignifuga, adesiva... aderisce perfettamente su diverse superfici ... anche sulla moquette\" \/>\n<meta property=\"og:url\" content=\"https:\/\/uniontradingmonaco-marine.com\/it\/negozio\/protezioni-temporanee\/telo-protettivo-maricover-f20\/\" \/>\n<meta property=\"og:site_name\" content=\"Union Trading Monaco\" \/>\n<meta property=\"article:modified_time\" content=\"2017-07-11T16:15:50+00:00\" \/>\n<meta property=\"og:image\" content=\"https:\/\/uniontradingmonaco-marine.com\/it\/wp-content\/uploads\/sites\/3\/2017\/05\/MARICOVER-F20.jpg\" \/>\n\t<meta property=\"og:image:width\" content=\"600\" \/>\n\t<meta property=\"og:image:height\" content=\"350\" \/>\n\t<meta property=\"og:image:type\" content=\"image\/jpeg\" \/>\n<meta name=\"twitter:card\" content=\"summary_large_image\" \/>\n<meta name=\"twitter:label1\" content=\"Tempo di lettura stimato\" \/>\n\t<meta name=\"twitter:data1\" content=\"1 minuto\" \/>\n<!-- \/ Yoast SEO plugin. -->","yoast_head_json":{"title":"Telo Protettivo MARICOVER F20 - Union Trading Monaco","description":"Telo Protettivo MARICOVER F20, protezione temporanea ignifuga, adesiva... aderisce perfettamente su diverse superfici ... anche sulla moquette","robots":{"index":"index","follow":"follow","max-snippet":"max-snippet:-1","max-image-preview":"max-image-preview:large","max-video-preview":"max-video-preview:-1"},"canonical":"https:\/\/uniontradingmonaco-marine.com\/it\/negozio\/protezioni-temporanee\/telo-protettivo-maricover-f20\/","og_locale":"it_IT","og_type":"article","og_title":"Telo Protettivo MARICOVER F20 - Union Trading Monaco","og_description":"Telo Protettivo MARICOVER F20, protezione temporanea ignifuga, adesiva... aderisce perfettamente su diverse superfici ... anche sulla moquette","og_url":"https:\/\/uniontradingmonaco-marine.com\/it\/negozio\/protezioni-temporanee\/telo-protettivo-maricover-f20\/","og_site_name":"Union Trading Monaco","article_modified_time":"2017-07-11T16:15:50+00:00","og_image":[{"width":600,"height":350,"url":"https:\/\/uniontradingmonaco-marine.com\/it\/wp-content\/uploads\/sites\/3\/2017\/05\/MARICOVER-F20.jpg","type":"image\/jpeg"}],"twitter_card":"summary_large_image","twitter_misc":{"Tempo di lettura stimato":"1 minuto"},"schema":{"@context":"https:\/\/schema.org","@graph":[{"@type":"WebPage","@id":"https:\/\/uniontradingmonaco-marine.com\/it\/negozio\/protezioni-temporanee\/telo-protettivo-maricover-f20\/","url":"https:\/\/uniontradingmonaco-marine.com\/it\/negozio\/protezioni-temporanee\/telo-protettivo-maricover-f20\/","name":"Telo Protettivo MARICOVER F20 - Union Trading Monaco","isPartOf":{"@id":"https:\/\/uniontradingmonaco-marine.com\/it\/#website"},"primaryImageOfPage":{"@id":"https:\/\/uniontradingmonaco-marine.com\/it\/negozio\/protezioni-temporanee\/telo-protettivo-maricover-f20\/#primaryimage"},"image":{"@id":"https:\/\/uniontradingmonaco-marine.com\/it\/negozio\/protezioni-temporanee\/telo-protettivo-maricover-f20\/#primaryimage"},"thumbnailUrl":"https:\/\/uniontradingmonaco-marine.com\/it\/wp-content\/uploads\/sites\/3\/2017\/05\/MARICOVER-F20.jpg","datePublished":"2017-05-15T10:42:22+00:00","dateModified":"2017-07-11T16:15:50+00:00","description":"Telo Protettivo MARICOVER F20, protezione temporanea ignifuga, adesiva... aderisce perfettamente su diverse superfici ... anche sulla moquette","breadcrumb":{"@id":"https:\/\/uniontradingmonaco-marine.com\/it\/negozio\/protezioni-temporanee\/telo-protettivo-maricover-f20\/#breadcrumb"},"inLanguage":"it-IT","potentialAction":[{"@type":"ReadAction","target":["https:\/\/uniontradingmonaco-marine.com\/it\/negozio\/protezioni-temporanee\/telo-protettivo-maricover-f20\/"]}]},{"@type":"ImageObject","inLanguage":"it-IT","@id":"https:\/\/uniontradingmonaco-marine.com\/it\/negozio\/protezioni-temporanee\/telo-protettivo-maricover-f20\/#primaryimage","url":"https:\/\/uniontradingmonaco-marine.com\/it\/wp-content\/uploads\/sites\/3\/2017\/05\/MARICOVER-F20.jpg","contentUrl":"https:\/\/uniontradingmonaco-marine.com\/it\/wp-content\/uploads\/sites\/3\/2017\/05\/MARICOVER-F20.jpg","width":600,"height":350,"caption":"Telo Protettivo MARICOVER F20"},{"@type":"BreadcrumbList","@id":"https:\/\/uniontradingmonaco-marine.com\/it\/negozio\/protezioni-temporanee\/telo-protettivo-maricover-f20\/#breadcrumb","itemListElement":[{"@type":"ListItem","position":1,"name":"Accueil","item":"https:\/\/uniontradingmonaco-marine.com\/it\/"},{"@type":"ListItem","position":2,"name":"Telo Protettivo MARICOVER F20"}]},{"@type":"WebSite","@id":"https:\/\/uniontradingmonaco-marine.com\/it\/#website","url":"https:\/\/uniontradingmonaco-marine.com\/it\/","name":"Union Trading Monaco","description":"Union Trading Monaco","potentialAction":[{"@type":"SearchAction","target":{"@type":"EntryPoint","urlTemplate":"https:\/\/uniontradingmonaco-marine.com\/it\/?s={search_term_string}"},"query-input":{"@type":"PropertyValueSpecification","valueRequired":true,"valueName":"search_term_string"}}],"inLanguage":"it-IT"}]}},"_links":{"self":[{"href":"https:\/\/uniontradingmonaco-marine.com\/it\/wp-json\/wp\/v2\/product\/9","targetHints":{"allow":["GET"]}}],"collection":[{"href":"https:\/\/uniontradingmonaco-marine.com\/it\/wp-json\/wp\/v2\/product"}],"about":[{"href":"https:\/\/uniontradingmonaco-marine.com\/it\/wp-json\/wp\/v2\/types\/product"}],"wp:featuredmedia":[{"embeddable":true,"href":"https:\/\/uniontradingmonaco-marine.com\/it\/wp-json\/wp\/v2\/media\/10"}],"wp:attachment":[{"href":"https:\/\/uniontradingmonaco-marine.com\/it\/wp-json\/wp\/v2\/media?parent=9"}],"wp:term":[{"taxonomy":"product_brand","embeddable":true,"href":"https:\/\/uniontradingmonaco-marine.com\/it\/wp-json\/wp\/v2\/product_brand?post=9"},{"taxonomy":"product_cat","embeddable":true,"href":"https:\/\/uniontradingmonaco-marine.com\/it\/wp-json\/wp\/v2\/product_cat?post=9"},{"taxonomy":"product_tag","embeddable":true,"href":"https:\/\/uniontradingmonaco-marine.com\/it\/wp-json\/wp\/v2\/product_tag?post=9"}],"curies":[{"name":"wp","href":"https:\/\/api.w.org\/{rel}","templated":true}]}}